{"id":7230,"date":"2015-08-23T16:06:17","date_gmt":"2015-08-23T14:06:17","guid":{"rendered":"https:\/\/mitentatutto.be\/?product=pasta-divella-paternosti-lisci-500gr"},"modified":"2025-12-03T00:07:41","modified_gmt":"2025-12-02T23:07:41","slug":"pasta-divella-paternosti-lisci-500gr","status":"publish","type":"product","link":"https:\/\/mitentatutto.be\/nl\/boutique-en-ligne\/pasta-divella-paternosti-lisci-500gr\/","title":{"rendered":"Pasta Divella Paternosti Lisci &#8211; 500gr"},"content":{"rendered":"<p>Pasta Divella Paternosti Lisci &#8211; 500gr<\/p>\n","protected":false},"excerpt":{"rendered":"<p>Pasta met harde tarwebloem. Paternosti lisci 62<\/p>\n","protected":false},"featured_media":7229,"comment_status":"open","ping_status":"closed","template":"","meta":[],"product_brand":[],"product_cat":[1451],"product_tag":[],"class_list":{"0":"post-7230","1":"product","2":"type-product","3":"status-publish","4":"has-post-thumbnail","6":"product_cat-divella-nl","7":"sales-flash-overlay","8":"woocommerce-text-align-center","9":"woocommerce-image-align-center","10":"do-quantity-buttons","12":"first","13":"instock","14":"taxable","15":"shipping-taxable","16":"purchasable","17":"product-type-simple"},"yoast_head":"<!-- This site is optimized with the Yoast SEO plugin v27.4 - https:\/\/yoast.com\/product\/yoast-seo-wordpress\/ -->\n<title>Pasta Divella Paternosti Lisci - 500gr | MiTentaTutto<\/title>\n<meta name=\"description\" content=\"P\u00e2tes Divella Paternosti Lisci - 500gr. P\u00e2tes de semoule de bl\u00e9 dur.\" \/>\n<meta name=\"robots\" content=\"index, follow, max-snippet:-1, max-image-preview:large, max-video-preview:-1\" \/>\n<link rel=\"canonical\" href=\"https:\/\/mitentatutto.be\/nl\/boutique-en-ligne\/pasta-divella-paternosti-lisci-500gr\/\" \/>\n<meta property=\"og:locale\" content=\"nl_NL\" \/>\n<meta property=\"og:type\" content=\"article\" \/>\n<meta property=\"og:title\" content=\"Pasta Divella Paternosti Lisci - 500gr | MiTentaTutto\" \/>\n<meta property=\"og:description\" content=\"P\u00e2tes Divella Paternosti Lisci - 500gr. P\u00e2tes de semoule de bl\u00e9 dur.\" \/>\n<meta property=\"og:url\" content=\"https:\/\/mitentatutto.be\/nl\/boutique-en-ligne\/pasta-divella-paternosti-lisci-500gr\/\" \/>\n<meta property=\"og:site_name\" content=\"MiTentaTutto\" \/>\n<meta property=\"article:publisher\" content=\"https:\/\/www.facebook.com\/MiTentaTuttoBE\/\" \/>\n<meta property=\"article:modified_time\" content=\"2025-12-02T23:07:41+00:00\" \/>\n<meta name=\"twitter:card\" content=\"summary_large_image\" \/>\n<script type=\"application\/ld+json\" class=\"yoast-schema-graph\">{\"@context\":\"https:\\\/\\\/schema.org\",\"@graph\":[{\"@type\":\"WebPage\",\"@id\":\"https:\\\/\\\/mitentatutto.be\\\/nl\\\/boutique-en-ligne\\\/pasta-divella-paternosti-lisci-500gr\\\/\",\"url\":\"https:\\\/\\\/mitentatutto.be\\\/nl\\\/boutique-en-ligne\\\/pasta-divella-paternosti-lisci-500gr\\\/\",\"name\":\"Pasta Divella Paternosti Lisci - 500gr | MiTentaTutto\",\"isPartOf\":{\"@id\":\"https:\\\/\\\/mitentatutto.be\\\/nl\\\/#website\"},\"primaryImageOfPage\":{\"@id\":\"https:\\\/\\\/mitentatutto.be\\\/nl\\\/boutique-en-ligne\\\/pasta-divella-paternosti-lisci-500gr\\\/#primaryimage\"},\"image\":{\"@id\":\"https:\\\/\\\/mitentatutto.be\\\/nl\\\/boutique-en-ligne\\\/pasta-divella-paternosti-lisci-500gr\\\/#primaryimage\"},\"thumbnailUrl\":\"https:\\\/\\\/mitentatutto.be\\\/wp-content\\\/uploads\\\/catalog\\\/product\\\/paternostilisci.jpg\",\"datePublished\":\"2015-08-23T14:06:17+00:00\",\"dateModified\":\"2025-12-02T23:07:41+00:00\",\"description\":\"P\u00e2tes Divella Paternosti Lisci - 500gr. P\u00e2tes de semoule de bl\u00e9 dur.\",\"breadcrumb\":{\"@id\":\"https:\\\/\\\/mitentatutto.be\\\/nl\\\/boutique-en-ligne\\\/pasta-divella-paternosti-lisci-500gr\\\/#breadcrumb\"},\"inLanguage\":\"nl-NL\",\"potentialAction\":[{\"@type\":\"ReadAction\",\"target\":[\"https:\\\/\\\/mitentatutto.be\\\/nl\\\/boutique-en-ligne\\\/pasta-divella-paternosti-lisci-500gr\\\/\"]}]},{\"@type\":\"ImageObject\",\"inLanguage\":\"nl-NL\",\"@id\":\"https:\\\/\\\/mitentatutto.be\\\/nl\\\/boutique-en-ligne\\\/pasta-divella-paternosti-lisci-500gr\\\/#primaryimage\",\"url\":\"https:\\\/\\\/mitentatutto.be\\\/wp-content\\\/uploads\\\/catalog\\\/product\\\/paternostilisci.jpg\",\"contentUrl\":\"https:\\\/\\\/mitentatutto.be\\\/wp-content\\\/uploads\\\/catalog\\\/product\\\/paternostilisci.jpg\",\"width\":600,\"height\":600,\"caption\":\"P\u00e2tes divella paternosti lisci\"},{\"@type\":\"BreadcrumbList\",\"@id\":\"https:\\\/\\\/mitentatutto.be\\\/nl\\\/boutique-en-ligne\\\/pasta-divella-paternosti-lisci-500gr\\\/#breadcrumb\",\"itemListElement\":[{\"@type\":\"ListItem\",\"position\":1,\"name\":\"Home\",\"item\":\"https:\\\/\\\/mitentatutto.be\\\/nl\\\/\"},{\"@type\":\"ListItem\",\"position\":2,\"name\":\"Webshop\",\"item\":\"https:\\\/\\\/mitentatutto.be\\\/nl\\\/webshop\\\/\"},{\"@type\":\"ListItem\",\"position\":3,\"name\":\"Pasta Divella Paternosti Lisci &#8211; 500gr\"}]},{\"@type\":\"WebSite\",\"@id\":\"https:\\\/\\\/mitentatutto.be\\\/nl\\\/#website\",\"url\":\"https:\\\/\\\/mitentatutto.be\\\/nl\\\/\",\"name\":\"MiTentaTutto\",\"description\":\"La qualita al prezzo giusto !\",\"publisher\":{\"@id\":\"https:\\\/\\\/mitentatutto.be\\\/nl\\\/#organization\"},\"potentialAction\":[{\"@type\":\"SearchAction\",\"target\":{\"@type\":\"EntryPoint\",\"urlTemplate\":\"https:\\\/\\\/mitentatutto.be\\\/nl\\\/?s={search_term_string}\"},\"query-input\":{\"@type\":\"PropertyValueSpecification\",\"valueRequired\":true,\"valueName\":\"search_term_string\"}}],\"inLanguage\":\"nl-NL\"},{\"@type\":\"Organization\",\"@id\":\"https:\\\/\\\/mitentatutto.be\\\/nl\\\/#organization\",\"name\":\"Mitentatutto\",\"url\":\"https:\\\/\\\/mitentatutto.be\\\/nl\\\/\",\"logo\":{\"@type\":\"ImageObject\",\"inLanguage\":\"nl-NL\",\"@id\":\"https:\\\/\\\/mitentatutto.be\\\/nl\\\/#\\\/schema\\\/logo\\\/image\\\/\",\"url\":\"https:\\\/\\\/mitentatutto.be\\\/wp-content\\\/uploads\\\/2019\\\/02\\\/logo-mitentatutto.png\",\"contentUrl\":\"https:\\\/\\\/mitentatutto.be\\\/wp-content\\\/uploads\\\/2019\\\/02\\\/logo-mitentatutto.png\",\"width\":200,\"height\":132,\"caption\":\"Mitentatutto\"},\"image\":{\"@id\":\"https:\\\/\\\/mitentatutto.be\\\/nl\\\/#\\\/schema\\\/logo\\\/image\\\/\"},\"sameAs\":[\"https:\\\/\\\/www.facebook.com\\\/MiTentaTuttoBE\\\/\"]}]}<\/script>\n<!-- \/ Yoast SEO plugin. -->","yoast_head_json":{"title":"Pasta Divella Paternosti Lisci - 500gr | MiTentaTutto","description":"P\u00e2tes Divella Paternosti Lisci - 500gr. P\u00e2tes de semoule de bl\u00e9 dur.","robots":{"index":"index","follow":"follow","max-snippet":"max-snippet:-1","max-image-preview":"max-image-preview:large","max-video-preview":"max-video-preview:-1"},"canonical":"https:\/\/mitentatutto.be\/nl\/boutique-en-ligne\/pasta-divella-paternosti-lisci-500gr\/","og_locale":"nl_NL","og_type":"article","og_title":"Pasta Divella Paternosti Lisci - 500gr | MiTentaTutto","og_description":"P\u00e2tes Divella Paternosti Lisci - 500gr. P\u00e2tes de semoule de bl\u00e9 dur.","og_url":"https:\/\/mitentatutto.be\/nl\/boutique-en-ligne\/pasta-divella-paternosti-lisci-500gr\/","og_site_name":"MiTentaTutto","article_publisher":"https:\/\/www.facebook.com\/MiTentaTuttoBE\/","article_modified_time":"2025-12-02T23:07:41+00:00","twitter_card":"summary_large_image","schema":{"@context":"https:\/\/schema.org","@graph":[{"@type":"WebPage","@id":"https:\/\/mitentatutto.be\/nl\/boutique-en-ligne\/pasta-divella-paternosti-lisci-500gr\/","url":"https:\/\/mitentatutto.be\/nl\/boutique-en-ligne\/pasta-divella-paternosti-lisci-500gr\/","name":"Pasta Divella Paternosti Lisci - 500gr | MiTentaTutto","isPartOf":{"@id":"https:\/\/mitentatutto.be\/nl\/#website"},"primaryImageOfPage":{"@id":"https:\/\/mitentatutto.be\/nl\/boutique-en-ligne\/pasta-divella-paternosti-lisci-500gr\/#primaryimage"},"image":{"@id":"https:\/\/mitentatutto.be\/nl\/boutique-en-ligne\/pasta-divella-paternosti-lisci-500gr\/#primaryimage"},"thumbnailUrl":"https:\/\/mitentatutto.be\/wp-content\/uploads\/catalog\/product\/paternostilisci.jpg","datePublished":"2015-08-23T14:06:17+00:00","dateModified":"2025-12-02T23:07:41+00:00","description":"P\u00e2tes Divella Paternosti Lisci - 500gr. P\u00e2tes de semoule de bl\u00e9 dur.","breadcrumb":{"@id":"https:\/\/mitentatutto.be\/nl\/boutique-en-ligne\/pasta-divella-paternosti-lisci-500gr\/#breadcrumb"},"inLanguage":"nl-NL","potentialAction":[{"@type":"ReadAction","target":["https:\/\/mitentatutto.be\/nl\/boutique-en-ligne\/pasta-divella-paternosti-lisci-500gr\/"]}]},{"@type":"ImageObject","inLanguage":"nl-NL","@id":"https:\/\/mitentatutto.be\/nl\/boutique-en-ligne\/pasta-divella-paternosti-lisci-500gr\/#primaryimage","url":"https:\/\/mitentatutto.be\/wp-content\/uploads\/catalog\/product\/paternostilisci.jpg","contentUrl":"https:\/\/mitentatutto.be\/wp-content\/uploads\/catalog\/product\/paternostilisci.jpg","width":600,"height":600,"caption":"P\u00e2tes divella paternosti lisci"},{"@type":"BreadcrumbList","@id":"https:\/\/mitentatutto.be\/nl\/boutique-en-ligne\/pasta-divella-paternosti-lisci-500gr\/#breadcrumb","itemListElement":[{"@type":"ListItem","position":1,"name":"Home","item":"https:\/\/mitentatutto.be\/nl\/"},{"@type":"ListItem","position":2,"name":"Webshop","item":"https:\/\/mitentatutto.be\/nl\/webshop\/"},{"@type":"ListItem","position":3,"name":"Pasta Divella Paternosti Lisci &#8211; 500gr"}]},{"@type":"WebSite","@id":"https:\/\/mitentatutto.be\/nl\/#website","url":"https:\/\/mitentatutto.be\/nl\/","name":"MiTentaTutto","description":"La qualita al prezzo giusto !","publisher":{"@id":"https:\/\/mitentatutto.be\/nl\/#organization"},"potentialAction":[{"@type":"SearchAction","target":{"@type":"EntryPoint","urlTemplate":"https:\/\/mitentatutto.be\/nl\/?s={search_term_string}"},"query-input":{"@type":"PropertyValueSpecification","valueRequired":true,"valueName":"search_term_string"}}],"inLanguage":"nl-NL"},{"@type":"Organization","@id":"https:\/\/mitentatutto.be\/nl\/#organization","name":"Mitentatutto","url":"https:\/\/mitentatutto.be\/nl\/","logo":{"@type":"ImageObject","inLanguage":"nl-NL","@id":"https:\/\/mitentatutto.be\/nl\/#\/schema\/logo\/image\/","url":"https:\/\/mitentatutto.be\/wp-content\/uploads\/2019\/02\/logo-mitentatutto.png","contentUrl":"https:\/\/mitentatutto.be\/wp-content\/uploads\/2019\/02\/logo-mitentatutto.png","width":200,"height":132,"caption":"Mitentatutto"},"image":{"@id":"https:\/\/mitentatutto.be\/nl\/#\/schema\/logo\/image\/"},"sameAs":["https:\/\/www.facebook.com\/MiTentaTuttoBE\/"]}]}},"_links":{"self":[{"href":"https:\/\/mitentatutto.be\/nl\/wp-json\/wp\/v2\/product\/7230","targetHints":{"allow":["GET"]}}],"collection":[{"href":"https:\/\/mitentatutto.be\/nl\/wp-json\/wp\/v2\/product"}],"about":[{"href":"https:\/\/mitentatutto.be\/nl\/wp-json\/wp\/v2\/types\/product"}],"replies":[{"embeddable":true,"href":"https:\/\/mitentatutto.be\/nl\/wp-json\/wp\/v2\/comments?post=7230"}],"wp:featuredmedia":[{"embeddable":true,"href":"https:\/\/mitentatutto.be\/nl\/wp-json\/wp\/v2\/media\/7229"}],"wp:attachment":[{"href":"https:\/\/mitentatutto.be\/nl\/wp-json\/wp\/v2\/media?parent=7230"}],"wp:term":[{"taxonomy":"product_brand","embeddable":true,"href":"https:\/\/mitentatutto.be\/nl\/wp-json\/wp\/v2\/product_brand?post=7230"},{"taxonomy":"product_cat","embeddable":true,"href":"https:\/\/mitentatutto.be\/nl\/wp-json\/wp\/v2\/product_cat?post=7230"},{"taxonomy":"product_tag","embeddable":true,"href":"https:\/\/mitentatutto.be\/nl\/wp-json\/wp\/v2\/product_tag?post=7230"}],"curies":[{"name":"wp","href":"https:\/\/api.w.org\/{rel}","templated":true}]}}