{"id":7591,"date":"2015-09-10T20:59:03","date_gmt":"2015-09-10T20:59:03","guid":{"rendered":"https:\/\/mitentatutto.be\/?product=nutella-bready-152gr"},"modified":"2019-12-22T20:15:19","modified_gmt":"2019-12-22T20:15:19","slug":"nutella-bready-152gr","status":"publish","type":"product","link":"https:\/\/mitentatutto.be\/nl\/boutique-en-ligne\/nutella-bready-152gr\/","title":{"rendered":"Nutella Bready &#8211; 152gr"},"content":{"rendered":"<p>Nutella Bready &#8211; 152gr<\/p>\n","protected":false},"excerpt":{"rendered":"<p>Wie &#8217;s ochtends een boterham met Nutella wil eten, hoeft dit niet meer zelf te smeren. Chocoladeproducent Ferrero lanceert B-Ready, een meeneembroodje met Nutella.<\/p>\n","protected":false},"featured_media":7590,"comment_status":"open","ping_status":"closed","template":"","meta":[],"product_brand":[],"product_cat":[581,582],"product_tag":[],"class_list":{"0":"post-7591","1":"product","2":"type-product","3":"status-publish","4":"has-post-thumbnail","6":"product_cat-koekjes","7":"product_cat-traditionele-koekjes-nl","8":"sales-flash-overlay","9":"woocommerce-text-align-center","10":"woocommerce-image-align-center","11":"do-quantity-buttons","13":"first","14":"outofstock","15":"taxable","16":"shipping-taxable","17":"purchasable","18":"product-type-simple"},"yoast_head":"<!-- This site is optimized with the Yoast SEO plugin v27.4 - https:\/\/yoast.com\/product\/yoast-seo-wordpress\/ -->\n<title>Nutella Bready - 152gr | MiTentaTutto<\/title>\n<meta name=\"description\" content=\"D\u00e9couvrez le nouveau produit Ferrero nutella b-ready. Un petit pain au chocolat Nutella, un r\u00e9gal pour les fanas de cette fameuse p\u00e2te \u00e0 tartiner.\u00a0\" \/>\n<meta name=\"robots\" content=\"index, follow, max-snippet:-1, max-image-preview:large, max-video-preview:-1\" \/>\n<link rel=\"canonical\" href=\"https:\/\/mitentatutto.be\/nl\/boutique-en-ligne\/nutella-bready-152gr\/\" \/>\n<meta property=\"og:locale\" content=\"nl_NL\" \/>\n<meta property=\"og:type\" content=\"article\" \/>\n<meta property=\"og:title\" content=\"Nutella Bready - 152gr | MiTentaTutto\" \/>\n<meta property=\"og:description\" content=\"D\u00e9couvrez le nouveau produit Ferrero nutella b-ready. Un petit pain au chocolat Nutella, un r\u00e9gal pour les fanas de cette fameuse p\u00e2te \u00e0 tartiner.\u00a0\" \/>\n<meta property=\"og:url\" content=\"https:\/\/mitentatutto.be\/nl\/boutique-en-ligne\/nutella-bready-152gr\/\" \/>\n<meta property=\"og:site_name\" content=\"MiTentaTutto\" \/>\n<meta property=\"article:publisher\" content=\"https:\/\/www.facebook.com\/MiTentaTuttoBE\/\" \/>\n<meta property=\"article:modified_time\" content=\"2019-12-22T20:15:19+00:00\" \/>\n<meta property=\"og:image\" content=\"https:\/\/mitentatutto.be\/wp-content\/uploads\/catalog\/product\/NUTELLA_BREADY.jpg\" \/>\n\t<meta property=\"og:image:width\" content=\"600\" \/>\n\t<meta property=\"og:image:height\" content=\"600\" \/>\n\t<meta property=\"og:image:type\" content=\"image\/jpeg\" \/>\n<meta name=\"twitter:card\" content=\"summary_large_image\" \/>\n<script type=\"application\/ld+json\" class=\"yoast-schema-graph\">{\"@context\":\"https:\\\/\\\/schema.org\",\"@graph\":[{\"@type\":\"WebPage\",\"@id\":\"https:\\\/\\\/mitentatutto.be\\\/nl\\\/boutique-en-ligne\\\/nutella-bready-152gr\\\/\",\"url\":\"https:\\\/\\\/mitentatutto.be\\\/nl\\\/boutique-en-ligne\\\/nutella-bready-152gr\\\/\",\"name\":\"Nutella Bready - 152gr | MiTentaTutto\",\"isPartOf\":{\"@id\":\"https:\\\/\\\/mitentatutto.be\\\/nl\\\/#website\"},\"primaryImageOfPage\":{\"@id\":\"https:\\\/\\\/mitentatutto.be\\\/nl\\\/boutique-en-ligne\\\/nutella-bready-152gr\\\/#primaryimage\"},\"image\":{\"@id\":\"https:\\\/\\\/mitentatutto.be\\\/nl\\\/boutique-en-ligne\\\/nutella-bready-152gr\\\/#primaryimage\"},\"thumbnailUrl\":\"https:\\\/\\\/mitentatutto.be\\\/wp-content\\\/uploads\\\/catalog\\\/product\\\/NUTELLA_BREADY.jpg\",\"datePublished\":\"2015-09-10T20:59:03+00:00\",\"dateModified\":\"2019-12-22T20:15:19+00:00\",\"description\":\"D\u00e9couvrez le nouveau produit Ferrero nutella b-ready. Un petit pain au chocolat Nutella, un r\u00e9gal pour les fanas de cette fameuse p\u00e2te \u00e0 tartiner.\u00a0\",\"breadcrumb\":{\"@id\":\"https:\\\/\\\/mitentatutto.be\\\/nl\\\/boutique-en-ligne\\\/nutella-bready-152gr\\\/#breadcrumb\"},\"inLanguage\":\"nl-NL\",\"potentialAction\":[{\"@type\":\"ReadAction\",\"target\":[\"https:\\\/\\\/mitentatutto.be\\\/nl\\\/boutique-en-ligne\\\/nutella-bready-152gr\\\/\"]}]},{\"@type\":\"ImageObject\",\"inLanguage\":\"nl-NL\",\"@id\":\"https:\\\/\\\/mitentatutto.be\\\/nl\\\/boutique-en-ligne\\\/nutella-bready-152gr\\\/#primaryimage\",\"url\":\"https:\\\/\\\/mitentatutto.be\\\/wp-content\\\/uploads\\\/catalog\\\/product\\\/NUTELLA_BREADY.jpg\",\"contentUrl\":\"https:\\\/\\\/mitentatutto.be\\\/wp-content\\\/uploads\\\/catalog\\\/product\\\/NUTELLA_BREADY.jpg\",\"width\":600,\"height\":600,\"caption\":\"NUTELLA_BREADY\"},{\"@type\":\"BreadcrumbList\",\"@id\":\"https:\\\/\\\/mitentatutto.be\\\/nl\\\/boutique-en-ligne\\\/nutella-bready-152gr\\\/#breadcrumb\",\"itemListElement\":[{\"@type\":\"ListItem\",\"position\":1,\"name\":\"Home\",\"item\":\"https:\\\/\\\/mitentatutto.be\\\/nl\\\/\"},{\"@type\":\"ListItem\",\"position\":2,\"name\":\"Webshop\",\"item\":\"https:\\\/\\\/mitentatutto.be\\\/nl\\\/webshop\\\/\"},{\"@type\":\"ListItem\",\"position\":3,\"name\":\"Nutella Bready &#8211; 152gr\"}]},{\"@type\":\"WebSite\",\"@id\":\"https:\\\/\\\/mitentatutto.be\\\/nl\\\/#website\",\"url\":\"https:\\\/\\\/mitentatutto.be\\\/nl\\\/\",\"name\":\"MiTentaTutto\",\"description\":\"La qualita al prezzo giusto !\",\"publisher\":{\"@id\":\"https:\\\/\\\/mitentatutto.be\\\/nl\\\/#organization\"},\"potentialAction\":[{\"@type\":\"SearchAction\",\"target\":{\"@type\":\"EntryPoint\",\"urlTemplate\":\"https:\\\/\\\/mitentatutto.be\\\/nl\\\/?s={search_term_string}\"},\"query-input\":{\"@type\":\"PropertyValueSpecification\",\"valueRequired\":true,\"valueName\":\"search_term_string\"}}],\"inLanguage\":\"nl-NL\"},{\"@type\":\"Organization\",\"@id\":\"https:\\\/\\\/mitentatutto.be\\\/nl\\\/#organization\",\"name\":\"Mitentatutto\",\"url\":\"https:\\\/\\\/mitentatutto.be\\\/nl\\\/\",\"logo\":{\"@type\":\"ImageObject\",\"inLanguage\":\"nl-NL\",\"@id\":\"https:\\\/\\\/mitentatutto.be\\\/nl\\\/#\\\/schema\\\/logo\\\/image\\\/\",\"url\":\"https:\\\/\\\/mitentatutto.be\\\/wp-content\\\/uploads\\\/2019\\\/02\\\/logo-mitentatutto.png\",\"contentUrl\":\"https:\\\/\\\/mitentatutto.be\\\/wp-content\\\/uploads\\\/2019\\\/02\\\/logo-mitentatutto.png\",\"width\":200,\"height\":132,\"caption\":\"Mitentatutto\"},\"image\":{\"@id\":\"https:\\\/\\\/mitentatutto.be\\\/nl\\\/#\\\/schema\\\/logo\\\/image\\\/\"},\"sameAs\":[\"https:\\\/\\\/www.facebook.com\\\/MiTentaTuttoBE\\\/\"]}]}<\/script>\n<!-- \/ Yoast SEO plugin. -->","yoast_head_json":{"title":"Nutella Bready - 152gr | MiTentaTutto","description":"D\u00e9couvrez le nouveau produit Ferrero nutella b-ready. Un petit pain au chocolat Nutella, un r\u00e9gal pour les fanas de cette fameuse p\u00e2te \u00e0 tartiner.\u00a0","robots":{"index":"index","follow":"follow","max-snippet":"max-snippet:-1","max-image-preview":"max-image-preview:large","max-video-preview":"max-video-preview:-1"},"canonical":"https:\/\/mitentatutto.be\/nl\/boutique-en-ligne\/nutella-bready-152gr\/","og_locale":"nl_NL","og_type":"article","og_title":"Nutella Bready - 152gr | MiTentaTutto","og_description":"D\u00e9couvrez le nouveau produit Ferrero nutella b-ready. Un petit pain au chocolat Nutella, un r\u00e9gal pour les fanas de cette fameuse p\u00e2te \u00e0 tartiner.\u00a0","og_url":"https:\/\/mitentatutto.be\/nl\/boutique-en-ligne\/nutella-bready-152gr\/","og_site_name":"MiTentaTutto","article_publisher":"https:\/\/www.facebook.com\/MiTentaTuttoBE\/","article_modified_time":"2019-12-22T20:15:19+00:00","og_image":[{"width":600,"height":600,"url":"https:\/\/mitentatutto.be\/wp-content\/uploads\/catalog\/product\/NUTELLA_BREADY.jpg","type":"image\/jpeg"}],"twitter_card":"summary_large_image","schema":{"@context":"https:\/\/schema.org","@graph":[{"@type":"WebPage","@id":"https:\/\/mitentatutto.be\/nl\/boutique-en-ligne\/nutella-bready-152gr\/","url":"https:\/\/mitentatutto.be\/nl\/boutique-en-ligne\/nutella-bready-152gr\/","name":"Nutella Bready - 152gr | MiTentaTutto","isPartOf":{"@id":"https:\/\/mitentatutto.be\/nl\/#website"},"primaryImageOfPage":{"@id":"https:\/\/mitentatutto.be\/nl\/boutique-en-ligne\/nutella-bready-152gr\/#primaryimage"},"image":{"@id":"https:\/\/mitentatutto.be\/nl\/boutique-en-ligne\/nutella-bready-152gr\/#primaryimage"},"thumbnailUrl":"https:\/\/mitentatutto.be\/wp-content\/uploads\/catalog\/product\/NUTELLA_BREADY.jpg","datePublished":"2015-09-10T20:59:03+00:00","dateModified":"2019-12-22T20:15:19+00:00","description":"D\u00e9couvrez le nouveau produit Ferrero nutella b-ready. Un petit pain au chocolat Nutella, un r\u00e9gal pour les fanas de cette fameuse p\u00e2te \u00e0 tartiner.\u00a0","breadcrumb":{"@id":"https:\/\/mitentatutto.be\/nl\/boutique-en-ligne\/nutella-bready-152gr\/#breadcrumb"},"inLanguage":"nl-NL","potentialAction":[{"@type":"ReadAction","target":["https:\/\/mitentatutto.be\/nl\/boutique-en-ligne\/nutella-bready-152gr\/"]}]},{"@type":"ImageObject","inLanguage":"nl-NL","@id":"https:\/\/mitentatutto.be\/nl\/boutique-en-ligne\/nutella-bready-152gr\/#primaryimage","url":"https:\/\/mitentatutto.be\/wp-content\/uploads\/catalog\/product\/NUTELLA_BREADY.jpg","contentUrl":"https:\/\/mitentatutto.be\/wp-content\/uploads\/catalog\/product\/NUTELLA_BREADY.jpg","width":600,"height":600,"caption":"NUTELLA_BREADY"},{"@type":"BreadcrumbList","@id":"https:\/\/mitentatutto.be\/nl\/boutique-en-ligne\/nutella-bready-152gr\/#breadcrumb","itemListElement":[{"@type":"ListItem","position":1,"name":"Home","item":"https:\/\/mitentatutto.be\/nl\/"},{"@type":"ListItem","position":2,"name":"Webshop","item":"https:\/\/mitentatutto.be\/nl\/webshop\/"},{"@type":"ListItem","position":3,"name":"Nutella Bready &#8211; 152gr"}]},{"@type":"WebSite","@id":"https:\/\/mitentatutto.be\/nl\/#website","url":"https:\/\/mitentatutto.be\/nl\/","name":"MiTentaTutto","description":"La qualita al prezzo giusto !","publisher":{"@id":"https:\/\/mitentatutto.be\/nl\/#organization"},"potentialAction":[{"@type":"SearchAction","target":{"@type":"EntryPoint","urlTemplate":"https:\/\/mitentatutto.be\/nl\/?s={search_term_string}"},"query-input":{"@type":"PropertyValueSpecification","valueRequired":true,"valueName":"search_term_string"}}],"inLanguage":"nl-NL"},{"@type":"Organization","@id":"https:\/\/mitentatutto.be\/nl\/#organization","name":"Mitentatutto","url":"https:\/\/mitentatutto.be\/nl\/","logo":{"@type":"ImageObject","inLanguage":"nl-NL","@id":"https:\/\/mitentatutto.be\/nl\/#\/schema\/logo\/image\/","url":"https:\/\/mitentatutto.be\/wp-content\/uploads\/2019\/02\/logo-mitentatutto.png","contentUrl":"https:\/\/mitentatutto.be\/wp-content\/uploads\/2019\/02\/logo-mitentatutto.png","width":200,"height":132,"caption":"Mitentatutto"},"image":{"@id":"https:\/\/mitentatutto.be\/nl\/#\/schema\/logo\/image\/"},"sameAs":["https:\/\/www.facebook.com\/MiTentaTuttoBE\/"]}]}},"_links":{"self":[{"href":"https:\/\/mitentatutto.be\/nl\/wp-json\/wp\/v2\/product\/7591","targetHints":{"allow":["GET"]}}],"collection":[{"href":"https:\/\/mitentatutto.be\/nl\/wp-json\/wp\/v2\/product"}],"about":[{"href":"https:\/\/mitentatutto.be\/nl\/wp-json\/wp\/v2\/types\/product"}],"replies":[{"embeddable":true,"href":"https:\/\/mitentatutto.be\/nl\/wp-json\/wp\/v2\/comments?post=7591"}],"wp:featuredmedia":[{"embeddable":true,"href":"https:\/\/mitentatutto.be\/nl\/wp-json\/wp\/v2\/media\/7590"}],"wp:attachment":[{"href":"https:\/\/mitentatutto.be\/nl\/wp-json\/wp\/v2\/media?parent=7591"}],"wp:term":[{"taxonomy":"product_brand","embeddable":true,"href":"https:\/\/mitentatutto.be\/nl\/wp-json\/wp\/v2\/product_brand?post=7591"},{"taxonomy":"product_cat","embeddable":true,"href":"https:\/\/mitentatutto.be\/nl\/wp-json\/wp\/v2\/product_cat?post=7591"},{"taxonomy":"product_tag","embeddable":true,"href":"https:\/\/mitentatutto.be\/nl\/wp-json\/wp\/v2\/product_tag?post=7591"}],"curies":[{"name":"wp","href":"https:\/\/api.w.org\/{rel}","templated":true}]}}