{"id":7856,"date":"2015-10-25T17:01:12","date_gmt":"2015-10-25T17:01:12","guid":{"rendered":"https:\/\/mitentatutto.be\/?product=vecchia-romagna-70cl"},"modified":"2019-12-22T19:53:20","modified_gmt":"2019-12-22T19:53:20","slug":"vecchia-romagna-70cl","status":"publish","type":"product","link":"https:\/\/mitentatutto.be\/nl\/boutique-en-ligne\/vecchia-romagna-70cl\/","title":{"rendered":"Vecchia Romagna &#8211; 70cl"},"content":{"rendered":"<p>Vecchia Romagna &#8211; 70cl<\/p>\n","protected":false},"excerpt":{"rendered":"<p>Vecchia Romagna is de meest gekende brandy en wordt het meest verkocht in Itali\u00eb. De wijn heeft een heldere en lichte amberkleur met intense en warme schijn. Harmonieus met gesuikerde droge abrikoos, zachte vanille en natuurlijke honing, alsook een goede dosis kruiden. Sterk en droog met een complex karakter van toetsen van koffiebonen, kaneel, honing en kruiden. Deze Italiaanse brandy is ook smeu\u00efg en vol door het rijpen in eiken vaten.<\/p>\n","protected":false},"featured_media":7855,"comment_status":"open","ping_status":"closed","template":"","meta":[],"product_brand":[],"product_cat":[483,593],"product_tag":[],"class_list":{"0":"post-7856","1":"product","2":"type-product","3":"status-publish","4":"has-post-thumbnail","6":"product_cat-alcoholische-dranken","7":"product_cat-wijnen-alcoholische-dranken","8":"sales-flash-overlay","9":"woocommerce-text-align-center","10":"woocommerce-image-align-center","11":"do-quantity-buttons","13":"first","14":"outofstock","15":"taxable","16":"shipping-taxable","17":"purchasable","18":"product-type-simple"},"yoast_head":"<!-- This site is optimized with the Yoast SEO plugin v27.4 - https:\/\/yoast.com\/product\/yoast-seo-wordpress\/ -->\n<title>Vecchia Romagna - 70cl | MiTentaTutto<\/title>\n<meta name=\"description\" content=\"Vecchia romagna. Fort et sec pr\u00e9sentant un caract\u00e8re complexe de notes de grains de caf\u00e9, cannelle, miel et \u00e9pices.Ce brandy italien est onctueux et cors\u00e9.\" \/>\n<meta name=\"robots\" content=\"index, follow, max-snippet:-1, max-image-preview:large, max-video-preview:-1\" \/>\n<link rel=\"canonical\" href=\"https:\/\/mitentatutto.be\/nl\/boutique-en-ligne\/vecchia-romagna-70cl\/\" \/>\n<meta property=\"og:locale\" content=\"nl_NL\" \/>\n<meta property=\"og:type\" content=\"article\" \/>\n<meta property=\"og:title\" content=\"Vecchia Romagna - 70cl | MiTentaTutto\" \/>\n<meta property=\"og:description\" content=\"Vecchia romagna. Fort et sec pr\u00e9sentant un caract\u00e8re complexe de notes de grains de caf\u00e9, cannelle, miel et \u00e9pices.Ce brandy italien est onctueux et cors\u00e9.\" \/>\n<meta property=\"og:url\" content=\"https:\/\/mitentatutto.be\/nl\/boutique-en-ligne\/vecchia-romagna-70cl\/\" \/>\n<meta property=\"og:site_name\" content=\"MiTentaTutto\" \/>\n<meta property=\"article:publisher\" content=\"https:\/\/www.facebook.com\/MiTentaTuttoBE\/\" \/>\n<meta property=\"article:modified_time\" content=\"2019-12-22T19:53:20+00:00\" \/>\n<meta property=\"og:image\" content=\"https:\/\/mitentatutto.be\/wp-content\/uploads\/catalog\/product\/vecchiaromagna1.jpg\" \/>\n\t<meta property=\"og:image:width\" content=\"600\" \/>\n\t<meta property=\"og:image:height\" content=\"600\" \/>\n\t<meta property=\"og:image:type\" content=\"image\/jpeg\" \/>\n<meta name=\"twitter:card\" content=\"summary_large_image\" \/>\n<script type=\"application\/ld+json\" class=\"yoast-schema-graph\">{\"@context\":\"https:\\\/\\\/schema.org\",\"@graph\":[{\"@type\":\"WebPage\",\"@id\":\"https:\\\/\\\/mitentatutto.be\\\/nl\\\/boutique-en-ligne\\\/vecchia-romagna-70cl\\\/\",\"url\":\"https:\\\/\\\/mitentatutto.be\\\/nl\\\/boutique-en-ligne\\\/vecchia-romagna-70cl\\\/\",\"name\":\"Vecchia Romagna - 70cl | MiTentaTutto\",\"isPartOf\":{\"@id\":\"https:\\\/\\\/mitentatutto.be\\\/nl\\\/#website\"},\"primaryImageOfPage\":{\"@id\":\"https:\\\/\\\/mitentatutto.be\\\/nl\\\/boutique-en-ligne\\\/vecchia-romagna-70cl\\\/#primaryimage\"},\"image\":{\"@id\":\"https:\\\/\\\/mitentatutto.be\\\/nl\\\/boutique-en-ligne\\\/vecchia-romagna-70cl\\\/#primaryimage\"},\"thumbnailUrl\":\"https:\\\/\\\/mitentatutto.be\\\/wp-content\\\/uploads\\\/catalog\\\/product\\\/vecchiaromagna1.jpg\",\"datePublished\":\"2015-10-25T17:01:12+00:00\",\"dateModified\":\"2019-12-22T19:53:20+00:00\",\"description\":\"Vecchia romagna. Fort et sec pr\u00e9sentant un caract\u00e8re complexe de notes de grains de caf\u00e9, cannelle, miel et \u00e9pices.Ce brandy italien est onctueux et cors\u00e9.\",\"breadcrumb\":{\"@id\":\"https:\\\/\\\/mitentatutto.be\\\/nl\\\/boutique-en-ligne\\\/vecchia-romagna-70cl\\\/#breadcrumb\"},\"inLanguage\":\"nl-NL\",\"potentialAction\":[{\"@type\":\"ReadAction\",\"target\":[\"https:\\\/\\\/mitentatutto.be\\\/nl\\\/boutique-en-ligne\\\/vecchia-romagna-70cl\\\/\"]}]},{\"@type\":\"ImageObject\",\"inLanguage\":\"nl-NL\",\"@id\":\"https:\\\/\\\/mitentatutto.be\\\/nl\\\/boutique-en-ligne\\\/vecchia-romagna-70cl\\\/#primaryimage\",\"url\":\"https:\\\/\\\/mitentatutto.be\\\/wp-content\\\/uploads\\\/catalog\\\/product\\\/vecchiaromagna1.jpg\",\"contentUrl\":\"https:\\\/\\\/mitentatutto.be\\\/wp-content\\\/uploads\\\/catalog\\\/product\\\/vecchiaromagna1.jpg\",\"width\":600,\"height\":600,\"caption\":\"vecchia-romagna1\"},{\"@type\":\"BreadcrumbList\",\"@id\":\"https:\\\/\\\/mitentatutto.be\\\/nl\\\/boutique-en-ligne\\\/vecchia-romagna-70cl\\\/#breadcrumb\",\"itemListElement\":[{\"@type\":\"ListItem\",\"position\":1,\"name\":\"Home\",\"item\":\"https:\\\/\\\/mitentatutto.be\\\/nl\\\/\"},{\"@type\":\"ListItem\",\"position\":2,\"name\":\"Webshop\",\"item\":\"https:\\\/\\\/mitentatutto.be\\\/nl\\\/webshop\\\/\"},{\"@type\":\"ListItem\",\"position\":3,\"name\":\"Vecchia Romagna &#8211; 70cl\"}]},{\"@type\":\"WebSite\",\"@id\":\"https:\\\/\\\/mitentatutto.be\\\/nl\\\/#website\",\"url\":\"https:\\\/\\\/mitentatutto.be\\\/nl\\\/\",\"name\":\"MiTentaTutto\",\"description\":\"La qualita al prezzo giusto !\",\"publisher\":{\"@id\":\"https:\\\/\\\/mitentatutto.be\\\/nl\\\/#organization\"},\"potentialAction\":[{\"@type\":\"SearchAction\",\"target\":{\"@type\":\"EntryPoint\",\"urlTemplate\":\"https:\\\/\\\/mitentatutto.be\\\/nl\\\/?s={search_term_string}\"},\"query-input\":{\"@type\":\"PropertyValueSpecification\",\"valueRequired\":true,\"valueName\":\"search_term_string\"}}],\"inLanguage\":\"nl-NL\"},{\"@type\":\"Organization\",\"@id\":\"https:\\\/\\\/mitentatutto.be\\\/nl\\\/#organization\",\"name\":\"Mitentatutto\",\"url\":\"https:\\\/\\\/mitentatutto.be\\\/nl\\\/\",\"logo\":{\"@type\":\"ImageObject\",\"inLanguage\":\"nl-NL\",\"@id\":\"https:\\\/\\\/mitentatutto.be\\\/nl\\\/#\\\/schema\\\/logo\\\/image\\\/\",\"url\":\"https:\\\/\\\/mitentatutto.be\\\/wp-content\\\/uploads\\\/2019\\\/02\\\/logo-mitentatutto.png\",\"contentUrl\":\"https:\\\/\\\/mitentatutto.be\\\/wp-content\\\/uploads\\\/2019\\\/02\\\/logo-mitentatutto.png\",\"width\":200,\"height\":132,\"caption\":\"Mitentatutto\"},\"image\":{\"@id\":\"https:\\\/\\\/mitentatutto.be\\\/nl\\\/#\\\/schema\\\/logo\\\/image\\\/\"},\"sameAs\":[\"https:\\\/\\\/www.facebook.com\\\/MiTentaTuttoBE\\\/\"]}]}<\/script>\n<!-- \/ Yoast SEO plugin. -->","yoast_head_json":{"title":"Vecchia Romagna - 70cl | MiTentaTutto","description":"Vecchia romagna. Fort et sec pr\u00e9sentant un caract\u00e8re complexe de notes de grains de caf\u00e9, cannelle, miel et \u00e9pices.Ce brandy italien est onctueux et cors\u00e9.","robots":{"index":"index","follow":"follow","max-snippet":"max-snippet:-1","max-image-preview":"max-image-preview:large","max-video-preview":"max-video-preview:-1"},"canonical":"https:\/\/mitentatutto.be\/nl\/boutique-en-ligne\/vecchia-romagna-70cl\/","og_locale":"nl_NL","og_type":"article","og_title":"Vecchia Romagna - 70cl | MiTentaTutto","og_description":"Vecchia romagna. Fort et sec pr\u00e9sentant un caract\u00e8re complexe de notes de grains de caf\u00e9, cannelle, miel et \u00e9pices.Ce brandy italien est onctueux et cors\u00e9.","og_url":"https:\/\/mitentatutto.be\/nl\/boutique-en-ligne\/vecchia-romagna-70cl\/","og_site_name":"MiTentaTutto","article_publisher":"https:\/\/www.facebook.com\/MiTentaTuttoBE\/","article_modified_time":"2019-12-22T19:53:20+00:00","og_image":[{"width":600,"height":600,"url":"https:\/\/mitentatutto.be\/wp-content\/uploads\/catalog\/product\/vecchiaromagna1.jpg","type":"image\/jpeg"}],"twitter_card":"summary_large_image","schema":{"@context":"https:\/\/schema.org","@graph":[{"@type":"WebPage","@id":"https:\/\/mitentatutto.be\/nl\/boutique-en-ligne\/vecchia-romagna-70cl\/","url":"https:\/\/mitentatutto.be\/nl\/boutique-en-ligne\/vecchia-romagna-70cl\/","name":"Vecchia Romagna - 70cl | MiTentaTutto","isPartOf":{"@id":"https:\/\/mitentatutto.be\/nl\/#website"},"primaryImageOfPage":{"@id":"https:\/\/mitentatutto.be\/nl\/boutique-en-ligne\/vecchia-romagna-70cl\/#primaryimage"},"image":{"@id":"https:\/\/mitentatutto.be\/nl\/boutique-en-ligne\/vecchia-romagna-70cl\/#primaryimage"},"thumbnailUrl":"https:\/\/mitentatutto.be\/wp-content\/uploads\/catalog\/product\/vecchiaromagna1.jpg","datePublished":"2015-10-25T17:01:12+00:00","dateModified":"2019-12-22T19:53:20+00:00","description":"Vecchia romagna. Fort et sec pr\u00e9sentant un caract\u00e8re complexe de notes de grains de caf\u00e9, cannelle, miel et \u00e9pices.Ce brandy italien est onctueux et cors\u00e9.","breadcrumb":{"@id":"https:\/\/mitentatutto.be\/nl\/boutique-en-ligne\/vecchia-romagna-70cl\/#breadcrumb"},"inLanguage":"nl-NL","potentialAction":[{"@type":"ReadAction","target":["https:\/\/mitentatutto.be\/nl\/boutique-en-ligne\/vecchia-romagna-70cl\/"]}]},{"@type":"ImageObject","inLanguage":"nl-NL","@id":"https:\/\/mitentatutto.be\/nl\/boutique-en-ligne\/vecchia-romagna-70cl\/#primaryimage","url":"https:\/\/mitentatutto.be\/wp-content\/uploads\/catalog\/product\/vecchiaromagna1.jpg","contentUrl":"https:\/\/mitentatutto.be\/wp-content\/uploads\/catalog\/product\/vecchiaromagna1.jpg","width":600,"height":600,"caption":"vecchia-romagna1"},{"@type":"BreadcrumbList","@id":"https:\/\/mitentatutto.be\/nl\/boutique-en-ligne\/vecchia-romagna-70cl\/#breadcrumb","itemListElement":[{"@type":"ListItem","position":1,"name":"Home","item":"https:\/\/mitentatutto.be\/nl\/"},{"@type":"ListItem","position":2,"name":"Webshop","item":"https:\/\/mitentatutto.be\/nl\/webshop\/"},{"@type":"ListItem","position":3,"name":"Vecchia Romagna &#8211; 70cl"}]},{"@type":"WebSite","@id":"https:\/\/mitentatutto.be\/nl\/#website","url":"https:\/\/mitentatutto.be\/nl\/","name":"MiTentaTutto","description":"La qualita al prezzo giusto !","publisher":{"@id":"https:\/\/mitentatutto.be\/nl\/#organization"},"potentialAction":[{"@type":"SearchAction","target":{"@type":"EntryPoint","urlTemplate":"https:\/\/mitentatutto.be\/nl\/?s={search_term_string}"},"query-input":{"@type":"PropertyValueSpecification","valueRequired":true,"valueName":"search_term_string"}}],"inLanguage":"nl-NL"},{"@type":"Organization","@id":"https:\/\/mitentatutto.be\/nl\/#organization","name":"Mitentatutto","url":"https:\/\/mitentatutto.be\/nl\/","logo":{"@type":"ImageObject","inLanguage":"nl-NL","@id":"https:\/\/mitentatutto.be\/nl\/#\/schema\/logo\/image\/","url":"https:\/\/mitentatutto.be\/wp-content\/uploads\/2019\/02\/logo-mitentatutto.png","contentUrl":"https:\/\/mitentatutto.be\/wp-content\/uploads\/2019\/02\/logo-mitentatutto.png","width":200,"height":132,"caption":"Mitentatutto"},"image":{"@id":"https:\/\/mitentatutto.be\/nl\/#\/schema\/logo\/image\/"},"sameAs":["https:\/\/www.facebook.com\/MiTentaTuttoBE\/"]}]}},"_links":{"self":[{"href":"https:\/\/mitentatutto.be\/nl\/wp-json\/wp\/v2\/product\/7856","targetHints":{"allow":["GET"]}}],"collection":[{"href":"https:\/\/mitentatutto.be\/nl\/wp-json\/wp\/v2\/product"}],"about":[{"href":"https:\/\/mitentatutto.be\/nl\/wp-json\/wp\/v2\/types\/product"}],"replies":[{"embeddable":true,"href":"https:\/\/mitentatutto.be\/nl\/wp-json\/wp\/v2\/comments?post=7856"}],"wp:featuredmedia":[{"embeddable":true,"href":"https:\/\/mitentatutto.be\/nl\/wp-json\/wp\/v2\/media\/7855"}],"wp:attachment":[{"href":"https:\/\/mitentatutto.be\/nl\/wp-json\/wp\/v2\/media?parent=7856"}],"wp:term":[{"taxonomy":"product_brand","embeddable":true,"href":"https:\/\/mitentatutto.be\/nl\/wp-json\/wp\/v2\/product_brand?post=7856"},{"taxonomy":"product_cat","embeddable":true,"href":"https:\/\/mitentatutto.be\/nl\/wp-json\/wp\/v2\/product_cat?post=7856"},{"taxonomy":"product_tag","embeddable":true,"href":"https:\/\/mitentatutto.be\/nl\/wp-json\/wp\/v2\/product_tag?post=7856"}],"curies":[{"name":"wp","href":"https:\/\/api.w.org\/{rel}","templated":true}]}}