{"id":7933,"date":"2015-11-08T18:03:32","date_gmt":"2015-11-08T18:03:32","guid":{"rendered":"https:\/\/mitentatutto.be\/?product=mutti-polpa-400gr"},"modified":"2024-12-22T01:18:09","modified_gmt":"2024-12-22T00:18:09","slug":"mutti-polpa-400gr","status":"publish","type":"product","link":"https:\/\/mitentatutto.be\/nl\/boutique-en-ligne\/mutti-polpa-400gr\/","title":{"rendered":"Mutti Polpa &#8211; 400gr"},"content":{"rendered":"<p>Mutti Polpa &#8211; 400gr<\/p>\n","protected":false},"excerpt":{"rendered":"<p class=\"dm_first_p\">Mutti Vruchtvlees bevat alle versheid van recent geoogste tomaten.\u00a0Het is een uniek product omdat het tomatenvruchtvlees met tomatensap combineert.<br \/>Mutti Vruchtvlees bevat meer water dan onze tomatenpuree, wat perfect is voor pasta op basis van eieren. Dit soort pasta is niet zo zacht als pasta op basis van semolina en absorbeert meer saus. Mutti Vruchtvlees is ook perfect voor gerechten die gebakken worden en die een lange bereidingstijd vragen. En u kunt dit product ook eens uitproberen met bruschetta of op een pizza met dikke korst, wanneer u vooral die verse tomatensmaak wilt behouden.<\/p>\n<p>\u00a0<\/p>\n","protected":false},"featured_media":7932,"comment_status":"open","ping_status":"closed","template":"","meta":[],"product_brand":[],"product_cat":[453,590],"product_tag":[],"class_list":{"0":"post-7933","1":"product","2":"type-product","3":"status-publish","4":"has-post-thumbnail","6":"product_cat-eetwaren","7":"product_cat-sauzen","8":"sales-flash-overlay","9":"woocommerce-text-align-center","10":"woocommerce-image-align-center","11":"do-quantity-buttons","13":"first","14":"instock","15":"taxable","16":"shipping-taxable","17":"purchasable","18":"product-type-simple"},"yoast_head":"<!-- This site is optimized with the Yoast SEO plugin v27.5 - https:\/\/yoast.com\/product\/yoast-seo-wordpress\/ -->\n<title>Mutti Polpa - 400gr | MiTentaTutto<\/title>\n<meta name=\"description\" content=\"Mutti Polpa - 400gr. La pulpe de tomates MUTTI est \u00e9labor\u00e9e exclusivement \u00e0 partir de tomates cultiv\u00e9es naturellement sous le soleil de l&#039;\u00e9t\u00e9 italien.\" \/>\n<meta name=\"robots\" content=\"index, follow, max-snippet:-1, max-image-preview:large, max-video-preview:-1\" \/>\n<link rel=\"canonical\" href=\"https:\/\/mitentatutto.be\/nl\/boutique-en-ligne\/mutti-polpa-400gr\/\" \/>\n<meta property=\"og:locale\" content=\"nl_NL\" \/>\n<meta property=\"og:type\" content=\"article\" \/>\n<meta property=\"og:title\" content=\"Mutti Polpa - 400gr | MiTentaTutto\" \/>\n<meta property=\"og:description\" content=\"Mutti Polpa - 400gr. La pulpe de tomates MUTTI est \u00e9labor\u00e9e exclusivement \u00e0 partir de tomates cultiv\u00e9es naturellement sous le soleil de l&#039;\u00e9t\u00e9 italien.\" \/>\n<meta property=\"og:url\" content=\"https:\/\/mitentatutto.be\/nl\/boutique-en-ligne\/mutti-polpa-400gr\/\" \/>\n<meta property=\"og:site_name\" content=\"MiTentaTutto\" \/>\n<meta property=\"article:publisher\" content=\"https:\/\/www.facebook.com\/MiTentaTuttoBE\/\" \/>\n<meta property=\"article:modified_time\" content=\"2024-12-22T00:18:09+00:00\" \/>\n<meta property=\"og:image\" content=\"https:\/\/mitentatutto.be\/wp-content\/uploads\/catalog\/product\/polpadipomodoroinpezzimuttigr400.jpg\" \/>\n\t<meta property=\"og:image:width\" content=\"600\" \/>\n\t<meta property=\"og:image:height\" content=\"600\" \/>\n\t<meta property=\"og:image:type\" content=\"image\/jpeg\" \/>\n<meta name=\"twitter:card\" content=\"summary_large_image\" \/>\n<script type=\"application\/ld+json\" class=\"yoast-schema-graph\">{\"@context\":\"https:\\\/\\\/schema.org\",\"@graph\":[{\"@type\":\"WebPage\",\"@id\":\"https:\\\/\\\/mitentatutto.be\\\/nl\\\/boutique-en-ligne\\\/mutti-polpa-400gr\\\/\",\"url\":\"https:\\\/\\\/mitentatutto.be\\\/nl\\\/boutique-en-ligne\\\/mutti-polpa-400gr\\\/\",\"name\":\"Mutti Polpa - 400gr | MiTentaTutto\",\"isPartOf\":{\"@id\":\"https:\\\/\\\/mitentatutto.be\\\/nl\\\/#website\"},\"primaryImageOfPage\":{\"@id\":\"https:\\\/\\\/mitentatutto.be\\\/nl\\\/boutique-en-ligne\\\/mutti-polpa-400gr\\\/#primaryimage\"},\"image\":{\"@id\":\"https:\\\/\\\/mitentatutto.be\\\/nl\\\/boutique-en-ligne\\\/mutti-polpa-400gr\\\/#primaryimage\"},\"thumbnailUrl\":\"https:\\\/\\\/mitentatutto.be\\\/wp-content\\\/uploads\\\/catalog\\\/product\\\/polpadipomodoroinpezzimuttigr400.jpg\",\"datePublished\":\"2015-11-08T18:03:32+00:00\",\"dateModified\":\"2024-12-22T00:18:09+00:00\",\"description\":\"Mutti Polpa - 400gr. La pulpe de tomates MUTTI est \u00e9labor\u00e9e exclusivement \u00e0 partir de tomates cultiv\u00e9es naturellement sous le soleil de l'\u00e9t\u00e9 italien.\",\"breadcrumb\":{\"@id\":\"https:\\\/\\\/mitentatutto.be\\\/nl\\\/boutique-en-ligne\\\/mutti-polpa-400gr\\\/#breadcrumb\"},\"inLanguage\":\"nl-NL\",\"potentialAction\":[{\"@type\":\"ReadAction\",\"target\":[\"https:\\\/\\\/mitentatutto.be\\\/nl\\\/boutique-en-ligne\\\/mutti-polpa-400gr\\\/\"]}]},{\"@type\":\"ImageObject\",\"inLanguage\":\"nl-NL\",\"@id\":\"https:\\\/\\\/mitentatutto.be\\\/nl\\\/boutique-en-ligne\\\/mutti-polpa-400gr\\\/#primaryimage\",\"url\":\"https:\\\/\\\/mitentatutto.be\\\/wp-content\\\/uploads\\\/catalog\\\/product\\\/polpadipomodoroinpezzimuttigr400.jpg\",\"contentUrl\":\"https:\\\/\\\/mitentatutto.be\\\/wp-content\\\/uploads\\\/catalog\\\/product\\\/polpadipomodoroinpezzimuttigr400.jpg\",\"width\":600,\"height\":600,\"caption\":\"Mutti polpa\"},{\"@type\":\"BreadcrumbList\",\"@id\":\"https:\\\/\\\/mitentatutto.be\\\/nl\\\/boutique-en-ligne\\\/mutti-polpa-400gr\\\/#breadcrumb\",\"itemListElement\":[{\"@type\":\"ListItem\",\"position\":1,\"name\":\"Home\",\"item\":\"https:\\\/\\\/mitentatutto.be\\\/nl\\\/\"},{\"@type\":\"ListItem\",\"position\":2,\"name\":\"Webshop\",\"item\":\"https:\\\/\\\/mitentatutto.be\\\/nl\\\/webshop\\\/\"},{\"@type\":\"ListItem\",\"position\":3,\"name\":\"Mutti Polpa &#8211; 400gr\"}]},{\"@type\":\"WebSite\",\"@id\":\"https:\\\/\\\/mitentatutto.be\\\/nl\\\/#website\",\"url\":\"https:\\\/\\\/mitentatutto.be\\\/nl\\\/\",\"name\":\"MiTentaTutto\",\"description\":\"La qualita al prezzo giusto !\",\"publisher\":{\"@id\":\"https:\\\/\\\/mitentatutto.be\\\/nl\\\/#organization\"},\"potentialAction\":[{\"@type\":\"SearchAction\",\"target\":{\"@type\":\"EntryPoint\",\"urlTemplate\":\"https:\\\/\\\/mitentatutto.be\\\/nl\\\/?s={search_term_string}\"},\"query-input\":{\"@type\":\"PropertyValueSpecification\",\"valueRequired\":true,\"valueName\":\"search_term_string\"}}],\"inLanguage\":\"nl-NL\"},{\"@type\":\"Organization\",\"@id\":\"https:\\\/\\\/mitentatutto.be\\\/nl\\\/#organization\",\"name\":\"Mitentatutto\",\"url\":\"https:\\\/\\\/mitentatutto.be\\\/nl\\\/\",\"logo\":{\"@type\":\"ImageObject\",\"inLanguage\":\"nl-NL\",\"@id\":\"https:\\\/\\\/mitentatutto.be\\\/nl\\\/#\\\/schema\\\/logo\\\/image\\\/\",\"url\":\"https:\\\/\\\/mitentatutto.be\\\/wp-content\\\/uploads\\\/2019\\\/02\\\/logo-mitentatutto.png\",\"contentUrl\":\"https:\\\/\\\/mitentatutto.be\\\/wp-content\\\/uploads\\\/2019\\\/02\\\/logo-mitentatutto.png\",\"width\":200,\"height\":132,\"caption\":\"Mitentatutto\"},\"image\":{\"@id\":\"https:\\\/\\\/mitentatutto.be\\\/nl\\\/#\\\/schema\\\/logo\\\/image\\\/\"},\"sameAs\":[\"https:\\\/\\\/www.facebook.com\\\/MiTentaTuttoBE\\\/\"]}]}<\/script>\n<!-- \/ Yoast SEO plugin. -->","yoast_head_json":{"title":"Mutti Polpa - 400gr | MiTentaTutto","description":"Mutti Polpa - 400gr. La pulpe de tomates MUTTI est \u00e9labor\u00e9e exclusivement \u00e0 partir de tomates cultiv\u00e9es naturellement sous le soleil de l'\u00e9t\u00e9 italien.","robots":{"index":"index","follow":"follow","max-snippet":"max-snippet:-1","max-image-preview":"max-image-preview:large","max-video-preview":"max-video-preview:-1"},"canonical":"https:\/\/mitentatutto.be\/nl\/boutique-en-ligne\/mutti-polpa-400gr\/","og_locale":"nl_NL","og_type":"article","og_title":"Mutti Polpa - 400gr | MiTentaTutto","og_description":"Mutti Polpa - 400gr. La pulpe de tomates MUTTI est \u00e9labor\u00e9e exclusivement \u00e0 partir de tomates cultiv\u00e9es naturellement sous le soleil de l'\u00e9t\u00e9 italien.","og_url":"https:\/\/mitentatutto.be\/nl\/boutique-en-ligne\/mutti-polpa-400gr\/","og_site_name":"MiTentaTutto","article_publisher":"https:\/\/www.facebook.com\/MiTentaTuttoBE\/","article_modified_time":"2024-12-22T00:18:09+00:00","og_image":[{"width":600,"height":600,"url":"https:\/\/mitentatutto.be\/wp-content\/uploads\/catalog\/product\/polpadipomodoroinpezzimuttigr400.jpg","type":"image\/jpeg"}],"twitter_card":"summary_large_image","schema":{"@context":"https:\/\/schema.org","@graph":[{"@type":"WebPage","@id":"https:\/\/mitentatutto.be\/nl\/boutique-en-ligne\/mutti-polpa-400gr\/","url":"https:\/\/mitentatutto.be\/nl\/boutique-en-ligne\/mutti-polpa-400gr\/","name":"Mutti Polpa - 400gr | MiTentaTutto","isPartOf":{"@id":"https:\/\/mitentatutto.be\/nl\/#website"},"primaryImageOfPage":{"@id":"https:\/\/mitentatutto.be\/nl\/boutique-en-ligne\/mutti-polpa-400gr\/#primaryimage"},"image":{"@id":"https:\/\/mitentatutto.be\/nl\/boutique-en-ligne\/mutti-polpa-400gr\/#primaryimage"},"thumbnailUrl":"https:\/\/mitentatutto.be\/wp-content\/uploads\/catalog\/product\/polpadipomodoroinpezzimuttigr400.jpg","datePublished":"2015-11-08T18:03:32+00:00","dateModified":"2024-12-22T00:18:09+00:00","description":"Mutti Polpa - 400gr. La pulpe de tomates MUTTI est \u00e9labor\u00e9e exclusivement \u00e0 partir de tomates cultiv\u00e9es naturellement sous le soleil de l'\u00e9t\u00e9 italien.","breadcrumb":{"@id":"https:\/\/mitentatutto.be\/nl\/boutique-en-ligne\/mutti-polpa-400gr\/#breadcrumb"},"inLanguage":"nl-NL","potentialAction":[{"@type":"ReadAction","target":["https:\/\/mitentatutto.be\/nl\/boutique-en-ligne\/mutti-polpa-400gr\/"]}]},{"@type":"ImageObject","inLanguage":"nl-NL","@id":"https:\/\/mitentatutto.be\/nl\/boutique-en-ligne\/mutti-polpa-400gr\/#primaryimage","url":"https:\/\/mitentatutto.be\/wp-content\/uploads\/catalog\/product\/polpadipomodoroinpezzimuttigr400.jpg","contentUrl":"https:\/\/mitentatutto.be\/wp-content\/uploads\/catalog\/product\/polpadipomodoroinpezzimuttigr400.jpg","width":600,"height":600,"caption":"Mutti polpa"},{"@type":"BreadcrumbList","@id":"https:\/\/mitentatutto.be\/nl\/boutique-en-ligne\/mutti-polpa-400gr\/#breadcrumb","itemListElement":[{"@type":"ListItem","position":1,"name":"Home","item":"https:\/\/mitentatutto.be\/nl\/"},{"@type":"ListItem","position":2,"name":"Webshop","item":"https:\/\/mitentatutto.be\/nl\/webshop\/"},{"@type":"ListItem","position":3,"name":"Mutti Polpa &#8211; 400gr"}]},{"@type":"WebSite","@id":"https:\/\/mitentatutto.be\/nl\/#website","url":"https:\/\/mitentatutto.be\/nl\/","name":"MiTentaTutto","description":"La qualita al prezzo giusto !","publisher":{"@id":"https:\/\/mitentatutto.be\/nl\/#organization"},"potentialAction":[{"@type":"SearchAction","target":{"@type":"EntryPoint","urlTemplate":"https:\/\/mitentatutto.be\/nl\/?s={search_term_string}"},"query-input":{"@type":"PropertyValueSpecification","valueRequired":true,"valueName":"search_term_string"}}],"inLanguage":"nl-NL"},{"@type":"Organization","@id":"https:\/\/mitentatutto.be\/nl\/#organization","name":"Mitentatutto","url":"https:\/\/mitentatutto.be\/nl\/","logo":{"@type":"ImageObject","inLanguage":"nl-NL","@id":"https:\/\/mitentatutto.be\/nl\/#\/schema\/logo\/image\/","url":"https:\/\/mitentatutto.be\/wp-content\/uploads\/2019\/02\/logo-mitentatutto.png","contentUrl":"https:\/\/mitentatutto.be\/wp-content\/uploads\/2019\/02\/logo-mitentatutto.png","width":200,"height":132,"caption":"Mitentatutto"},"image":{"@id":"https:\/\/mitentatutto.be\/nl\/#\/schema\/logo\/image\/"},"sameAs":["https:\/\/www.facebook.com\/MiTentaTuttoBE\/"]}]}},"_links":{"self":[{"href":"https:\/\/mitentatutto.be\/nl\/wp-json\/wp\/v2\/product\/7933","targetHints":{"allow":["GET"]}}],"collection":[{"href":"https:\/\/mitentatutto.be\/nl\/wp-json\/wp\/v2\/product"}],"about":[{"href":"https:\/\/mitentatutto.be\/nl\/wp-json\/wp\/v2\/types\/product"}],"replies":[{"embeddable":true,"href":"https:\/\/mitentatutto.be\/nl\/wp-json\/wp\/v2\/comments?post=7933"}],"wp:featuredmedia":[{"embeddable":true,"href":"https:\/\/mitentatutto.be\/nl\/wp-json\/wp\/v2\/media\/7932"}],"wp:attachment":[{"href":"https:\/\/mitentatutto.be\/nl\/wp-json\/wp\/v2\/media?parent=7933"}],"wp:term":[{"taxonomy":"product_brand","embeddable":true,"href":"https:\/\/mitentatutto.be\/nl\/wp-json\/wp\/v2\/product_brand?post=7933"},{"taxonomy":"product_cat","embeddable":true,"href":"https:\/\/mitentatutto.be\/nl\/wp-json\/wp\/v2\/product_cat?post=7933"},{"taxonomy":"product_tag","embeddable":true,"href":"https:\/\/mitentatutto.be\/nl\/wp-json\/wp\/v2\/product_tag?post=7933"}],"curies":[{"name":"wp","href":"https:\/\/api.w.org\/{rel}","templated":true}]}}