{"id":8114,"date":"2016-06-20T17:36:34","date_gmt":"2016-06-20T17:36:34","guid":{"rendered":"https:\/\/mitentatutto.be\/?product=fernet-branca-70cl"},"modified":"2019-12-22T18:27:26","modified_gmt":"2019-12-22T18:27:26","slug":"fernet-branca-70cl","status":"publish","type":"product","link":"https:\/\/mitentatutto.be\/nl\/boutique-en-ligne\/fernet-branca-70cl\/","title":{"rendered":"Fernet-Branca &#8211; 70cl"},"content":{"rendered":"<p>Fernet-Branca. D\u00e9couvrez cet alcool italien, surtout reconnue comme rem\u00e8de aux maux de t\u00eate et autres sympt\u00f4mes d\u2019un \u00e9tat de forte ivresse, cette boisson\u00a0\u00e0 base de plantes \u00e0 un go\u00fbt fort amer.<\/p>\n","protected":false},"excerpt":{"rendered":"<p>Fernet-Branca. D\u00e9couvrez cet alcool italien, surtout reconnue comme rem\u00e8de aux maux de t\u00eate et autres sympt\u00f4mes d\u2019un \u00e9tat de forte ivresse, cette boisson\u00a0\u00e0 base de plantes \u00e0 un go\u00fbt fort amer.<\/p>\n","protected":false},"featured_media":8113,"comment_status":"open","ping_status":"closed","template":"","meta":[],"product_brand":[],"product_cat":[483],"product_tag":[],"class_list":{"0":"post-8114","1":"product","2":"type-product","3":"status-publish","4":"has-post-thumbnail","6":"product_cat-alcoholische-dranken","7":"sales-flash-overlay","8":"woocommerce-text-align-center","9":"woocommerce-image-align-center","10":"do-quantity-buttons","12":"first","13":"outofstock","14":"taxable","15":"shipping-taxable","16":"purchasable","17":"product-type-simple"},"yoast_head":"<!-- This site is optimized with the Yoast SEO plugin v27.4 - https:\/\/yoast.com\/product\/yoast-seo-wordpress\/ -->\n<title>Fernet-Branca - 70cl | MiTentaTutto<\/title>\n<meta name=\"description\" content=\"Fernet-Branca. D\u00e9couvrez cet alcool italien, surtout reconnue comme rem\u00e8de aux maux de t\u00eate et autres sympt\u00f4mes d\u2019un \u00e9tat de forte ivresse.\" \/>\n<meta name=\"robots\" content=\"index, follow, max-snippet:-1, max-image-preview:large, max-video-preview:-1\" \/>\n<link rel=\"canonical\" href=\"https:\/\/mitentatutto.be\/nl\/boutique-en-ligne\/fernet-branca-70cl\/\" \/>\n<meta property=\"og:locale\" content=\"nl_NL\" \/>\n<meta property=\"og:type\" content=\"article\" \/>\n<meta property=\"og:title\" content=\"Fernet-Branca - 70cl | MiTentaTutto\" \/>\n<meta property=\"og:description\" content=\"Fernet-Branca. D\u00e9couvrez cet alcool italien, surtout reconnue comme rem\u00e8de aux maux de t\u00eate et autres sympt\u00f4mes d\u2019un \u00e9tat de forte ivresse.\" \/>\n<meta property=\"og:url\" content=\"https:\/\/mitentatutto.be\/nl\/boutique-en-ligne\/fernet-branca-70cl\/\" \/>\n<meta property=\"og:site_name\" content=\"MiTentaTutto\" \/>\n<meta property=\"article:publisher\" content=\"https:\/\/www.facebook.com\/MiTentaTuttoBE\/\" \/>\n<meta property=\"article:modified_time\" content=\"2019-12-22T18:27:26+00:00\" \/>\n<meta property=\"og:image\" content=\"https:\/\/mitentatutto.be\/wp-content\/uploads\/catalog\/product\/Fernetbranca.jpg\" \/>\n\t<meta property=\"og:image:width\" content=\"600\" \/>\n\t<meta property=\"og:image:height\" content=\"600\" \/>\n\t<meta property=\"og:image:type\" content=\"image\/jpeg\" \/>\n<meta name=\"twitter:card\" content=\"summary_large_image\" \/>\n<script type=\"application\/ld+json\" class=\"yoast-schema-graph\">{\"@context\":\"https:\\\/\\\/schema.org\",\"@graph\":[{\"@type\":\"WebPage\",\"@id\":\"https:\\\/\\\/mitentatutto.be\\\/nl\\\/boutique-en-ligne\\\/fernet-branca-70cl\\\/\",\"url\":\"https:\\\/\\\/mitentatutto.be\\\/nl\\\/boutique-en-ligne\\\/fernet-branca-70cl\\\/\",\"name\":\"Fernet-Branca - 70cl | MiTentaTutto\",\"isPartOf\":{\"@id\":\"https:\\\/\\\/mitentatutto.be\\\/nl\\\/#website\"},\"primaryImageOfPage\":{\"@id\":\"https:\\\/\\\/mitentatutto.be\\\/nl\\\/boutique-en-ligne\\\/fernet-branca-70cl\\\/#primaryimage\"},\"image\":{\"@id\":\"https:\\\/\\\/mitentatutto.be\\\/nl\\\/boutique-en-ligne\\\/fernet-branca-70cl\\\/#primaryimage\"},\"thumbnailUrl\":\"https:\\\/\\\/mitentatutto.be\\\/wp-content\\\/uploads\\\/catalog\\\/product\\\/Fernetbranca.jpg\",\"datePublished\":\"2016-06-20T17:36:34+00:00\",\"dateModified\":\"2019-12-22T18:27:26+00:00\",\"description\":\"Fernet-Branca. D\u00e9couvrez cet alcool italien, surtout reconnue comme rem\u00e8de aux maux de t\u00eate et autres sympt\u00f4mes d\u2019un \u00e9tat de forte ivresse.\",\"breadcrumb\":{\"@id\":\"https:\\\/\\\/mitentatutto.be\\\/nl\\\/boutique-en-ligne\\\/fernet-branca-70cl\\\/#breadcrumb\"},\"inLanguage\":\"nl-NL\",\"potentialAction\":[{\"@type\":\"ReadAction\",\"target\":[\"https:\\\/\\\/mitentatutto.be\\\/nl\\\/boutique-en-ligne\\\/fernet-branca-70cl\\\/\"]}]},{\"@type\":\"ImageObject\",\"inLanguage\":\"nl-NL\",\"@id\":\"https:\\\/\\\/mitentatutto.be\\\/nl\\\/boutique-en-ligne\\\/fernet-branca-70cl\\\/#primaryimage\",\"url\":\"https:\\\/\\\/mitentatutto.be\\\/wp-content\\\/uploads\\\/catalog\\\/product\\\/Fernetbranca.jpg\",\"contentUrl\":\"https:\\\/\\\/mitentatutto.be\\\/wp-content\\\/uploads\\\/catalog\\\/product\\\/Fernetbranca.jpg\",\"width\":600,\"height\":600,\"caption\":\"Fernet-branca\"},{\"@type\":\"BreadcrumbList\",\"@id\":\"https:\\\/\\\/mitentatutto.be\\\/nl\\\/boutique-en-ligne\\\/fernet-branca-70cl\\\/#breadcrumb\",\"itemListElement\":[{\"@type\":\"ListItem\",\"position\":1,\"name\":\"Home\",\"item\":\"https:\\\/\\\/mitentatutto.be\\\/nl\\\/\"},{\"@type\":\"ListItem\",\"position\":2,\"name\":\"Webshop\",\"item\":\"https:\\\/\\\/mitentatutto.be\\\/nl\\\/webshop\\\/\"},{\"@type\":\"ListItem\",\"position\":3,\"name\":\"Fernet-Branca &#8211; 70cl\"}]},{\"@type\":\"WebSite\",\"@id\":\"https:\\\/\\\/mitentatutto.be\\\/nl\\\/#website\",\"url\":\"https:\\\/\\\/mitentatutto.be\\\/nl\\\/\",\"name\":\"MiTentaTutto\",\"description\":\"La qualita al prezzo giusto !\",\"publisher\":{\"@id\":\"https:\\\/\\\/mitentatutto.be\\\/nl\\\/#organization\"},\"potentialAction\":[{\"@type\":\"SearchAction\",\"target\":{\"@type\":\"EntryPoint\",\"urlTemplate\":\"https:\\\/\\\/mitentatutto.be\\\/nl\\\/?s={search_term_string}\"},\"query-input\":{\"@type\":\"PropertyValueSpecification\",\"valueRequired\":true,\"valueName\":\"search_term_string\"}}],\"inLanguage\":\"nl-NL\"},{\"@type\":\"Organization\",\"@id\":\"https:\\\/\\\/mitentatutto.be\\\/nl\\\/#organization\",\"name\":\"Mitentatutto\",\"url\":\"https:\\\/\\\/mitentatutto.be\\\/nl\\\/\",\"logo\":{\"@type\":\"ImageObject\",\"inLanguage\":\"nl-NL\",\"@id\":\"https:\\\/\\\/mitentatutto.be\\\/nl\\\/#\\\/schema\\\/logo\\\/image\\\/\",\"url\":\"https:\\\/\\\/mitentatutto.be\\\/wp-content\\\/uploads\\\/2019\\\/02\\\/logo-mitentatutto.png\",\"contentUrl\":\"https:\\\/\\\/mitentatutto.be\\\/wp-content\\\/uploads\\\/2019\\\/02\\\/logo-mitentatutto.png\",\"width\":200,\"height\":132,\"caption\":\"Mitentatutto\"},\"image\":{\"@id\":\"https:\\\/\\\/mitentatutto.be\\\/nl\\\/#\\\/schema\\\/logo\\\/image\\\/\"},\"sameAs\":[\"https:\\\/\\\/www.facebook.com\\\/MiTentaTuttoBE\\\/\"]}]}<\/script>\n<!-- \/ Yoast SEO plugin. -->","yoast_head_json":{"title":"Fernet-Branca - 70cl | MiTentaTutto","description":"Fernet-Branca. D\u00e9couvrez cet alcool italien, surtout reconnue comme rem\u00e8de aux maux de t\u00eate et autres sympt\u00f4mes d\u2019un \u00e9tat de forte ivresse.","robots":{"index":"index","follow":"follow","max-snippet":"max-snippet:-1","max-image-preview":"max-image-preview:large","max-video-preview":"max-video-preview:-1"},"canonical":"https:\/\/mitentatutto.be\/nl\/boutique-en-ligne\/fernet-branca-70cl\/","og_locale":"nl_NL","og_type":"article","og_title":"Fernet-Branca - 70cl | MiTentaTutto","og_description":"Fernet-Branca. D\u00e9couvrez cet alcool italien, surtout reconnue comme rem\u00e8de aux maux de t\u00eate et autres sympt\u00f4mes d\u2019un \u00e9tat de forte ivresse.","og_url":"https:\/\/mitentatutto.be\/nl\/boutique-en-ligne\/fernet-branca-70cl\/","og_site_name":"MiTentaTutto","article_publisher":"https:\/\/www.facebook.com\/MiTentaTuttoBE\/","article_modified_time":"2019-12-22T18:27:26+00:00","og_image":[{"width":600,"height":600,"url":"https:\/\/mitentatutto.be\/wp-content\/uploads\/catalog\/product\/Fernetbranca.jpg","type":"image\/jpeg"}],"twitter_card":"summary_large_image","schema":{"@context":"https:\/\/schema.org","@graph":[{"@type":"WebPage","@id":"https:\/\/mitentatutto.be\/nl\/boutique-en-ligne\/fernet-branca-70cl\/","url":"https:\/\/mitentatutto.be\/nl\/boutique-en-ligne\/fernet-branca-70cl\/","name":"Fernet-Branca - 70cl | MiTentaTutto","isPartOf":{"@id":"https:\/\/mitentatutto.be\/nl\/#website"},"primaryImageOfPage":{"@id":"https:\/\/mitentatutto.be\/nl\/boutique-en-ligne\/fernet-branca-70cl\/#primaryimage"},"image":{"@id":"https:\/\/mitentatutto.be\/nl\/boutique-en-ligne\/fernet-branca-70cl\/#primaryimage"},"thumbnailUrl":"https:\/\/mitentatutto.be\/wp-content\/uploads\/catalog\/product\/Fernetbranca.jpg","datePublished":"2016-06-20T17:36:34+00:00","dateModified":"2019-12-22T18:27:26+00:00","description":"Fernet-Branca. D\u00e9couvrez cet alcool italien, surtout reconnue comme rem\u00e8de aux maux de t\u00eate et autres sympt\u00f4mes d\u2019un \u00e9tat de forte ivresse.","breadcrumb":{"@id":"https:\/\/mitentatutto.be\/nl\/boutique-en-ligne\/fernet-branca-70cl\/#breadcrumb"},"inLanguage":"nl-NL","potentialAction":[{"@type":"ReadAction","target":["https:\/\/mitentatutto.be\/nl\/boutique-en-ligne\/fernet-branca-70cl\/"]}]},{"@type":"ImageObject","inLanguage":"nl-NL","@id":"https:\/\/mitentatutto.be\/nl\/boutique-en-ligne\/fernet-branca-70cl\/#primaryimage","url":"https:\/\/mitentatutto.be\/wp-content\/uploads\/catalog\/product\/Fernetbranca.jpg","contentUrl":"https:\/\/mitentatutto.be\/wp-content\/uploads\/catalog\/product\/Fernetbranca.jpg","width":600,"height":600,"caption":"Fernet-branca"},{"@type":"BreadcrumbList","@id":"https:\/\/mitentatutto.be\/nl\/boutique-en-ligne\/fernet-branca-70cl\/#breadcrumb","itemListElement":[{"@type":"ListItem","position":1,"name":"Home","item":"https:\/\/mitentatutto.be\/nl\/"},{"@type":"ListItem","position":2,"name":"Webshop","item":"https:\/\/mitentatutto.be\/nl\/webshop\/"},{"@type":"ListItem","position":3,"name":"Fernet-Branca &#8211; 70cl"}]},{"@type":"WebSite","@id":"https:\/\/mitentatutto.be\/nl\/#website","url":"https:\/\/mitentatutto.be\/nl\/","name":"MiTentaTutto","description":"La qualita al prezzo giusto !","publisher":{"@id":"https:\/\/mitentatutto.be\/nl\/#organization"},"potentialAction":[{"@type":"SearchAction","target":{"@type":"EntryPoint","urlTemplate":"https:\/\/mitentatutto.be\/nl\/?s={search_term_string}"},"query-input":{"@type":"PropertyValueSpecification","valueRequired":true,"valueName":"search_term_string"}}],"inLanguage":"nl-NL"},{"@type":"Organization","@id":"https:\/\/mitentatutto.be\/nl\/#organization","name":"Mitentatutto","url":"https:\/\/mitentatutto.be\/nl\/","logo":{"@type":"ImageObject","inLanguage":"nl-NL","@id":"https:\/\/mitentatutto.be\/nl\/#\/schema\/logo\/image\/","url":"https:\/\/mitentatutto.be\/wp-content\/uploads\/2019\/02\/logo-mitentatutto.png","contentUrl":"https:\/\/mitentatutto.be\/wp-content\/uploads\/2019\/02\/logo-mitentatutto.png","width":200,"height":132,"caption":"Mitentatutto"},"image":{"@id":"https:\/\/mitentatutto.be\/nl\/#\/schema\/logo\/image\/"},"sameAs":["https:\/\/www.facebook.com\/MiTentaTuttoBE\/"]}]}},"_links":{"self":[{"href":"https:\/\/mitentatutto.be\/nl\/wp-json\/wp\/v2\/product\/8114","targetHints":{"allow":["GET"]}}],"collection":[{"href":"https:\/\/mitentatutto.be\/nl\/wp-json\/wp\/v2\/product"}],"about":[{"href":"https:\/\/mitentatutto.be\/nl\/wp-json\/wp\/v2\/types\/product"}],"replies":[{"embeddable":true,"href":"https:\/\/mitentatutto.be\/nl\/wp-json\/wp\/v2\/comments?post=8114"}],"wp:featuredmedia":[{"embeddable":true,"href":"https:\/\/mitentatutto.be\/nl\/wp-json\/wp\/v2\/media\/8113"}],"wp:attachment":[{"href":"https:\/\/mitentatutto.be\/nl\/wp-json\/wp\/v2\/media?parent=8114"}],"wp:term":[{"taxonomy":"product_brand","embeddable":true,"href":"https:\/\/mitentatutto.be\/nl\/wp-json\/wp\/v2\/product_brand?post=8114"},{"taxonomy":"product_cat","embeddable":true,"href":"https:\/\/mitentatutto.be\/nl\/wp-json\/wp\/v2\/product_cat?post=8114"},{"taxonomy":"product_tag","embeddable":true,"href":"https:\/\/mitentatutto.be\/nl\/wp-json\/wp\/v2\/product_tag?post=8114"}],"curies":[{"name":"wp","href":"https:\/\/api.w.org\/{rel}","templated":true}]}}