{"id":8141,"date":"2016-06-26T15:59:06","date_gmt":"2016-06-26T15:59:06","guid":{"rendered":"https:\/\/mitentatutto.be\/?product=amarone-della-valpolicella-2014-075cl"},"modified":"2020-04-08T06:50:23","modified_gmt":"2020-04-08T04:50:23","slug":"amarone-della-valpolicella-2014-075cl","status":"publish","type":"product","link":"https:\/\/mitentatutto.be\/nl\/boutique-en-ligne\/amarone-della-valpolicella-2014-075cl\/","title":{"rendered":"Amarone Della Valpolicella 2014 &#8211; 0,75cl"},"content":{"rendered":"<p>Amarone della valpolicella 2010. D\u00e9couvrez ce vin d&#8217;exception de la r\u00e9gion du Veneto en Italie. L&#8217;Amarone est un classique italien qui ne d\u00e9\u00e7ois jamais !!.<\/p>\n","protected":false},"excerpt":{"rendered":"<p>Amarone della valpolicella 2010. D\u00e9couvrez ce vin d&#8217;exception de la r\u00e9gion du Veneto en Italie. L&#8217;Amarone est un classique italien qui ne d\u00e9\u00e7ois jamais !!.<\/p>\n<p>C\u00e9page :\u00a0Corvina, Rondinella and Corvinone<\/p>\n<p>Degr\u00e9 d&#8217;alcool : 15%<\/p>\n<p>Ann\u00e9e : 2010<\/p>\n<p>Couleur : Rouge rubis intense<\/p>\n<p>Go\u00fbt : Intense et plein, avec quelques notes de vanille, r\u00e9glisse, prunes et cerises.<\/p>\n<p>Accompagnements : Viande grill\u00e9, fromages vieillis.<\/p>\n","protected":false},"featured_media":8140,"comment_status":"open","ping_status":"closed","template":"","meta":[],"product_brand":[],"product_cat":[475,593],"product_tag":[],"class_list":{"0":"post-8141","1":"product","2":"type-product","3":"status-publish","4":"has-post-thumbnail","6":"product_cat-rood","7":"product_cat-wijnen-alcoholische-dranken","8":"sales-flash-overlay","9":"woocommerce-text-align-center","10":"woocommerce-image-align-center","11":"do-quantity-buttons","13":"first","14":"outofstock","15":"taxable","16":"shipping-taxable","17":"purchasable","18":"product-type-simple"},"yoast_head":"<!-- This site is optimized with the Yoast SEO plugin v27.4 - https:\/\/yoast.com\/product\/yoast-seo-wordpress\/ -->\n<title>Amarone Della Valpolicella 2014 - 0,75cl | MiTentaTutto<\/title>\n<meta name=\"description\" content=\"Amarone della valpolicella 2010. D\u00e9couvrez ce vin d&#039;exception de la r\u00e9gion du Veneto en Italie. L&#039;Amarone est un classique italien qui ne d\u00e9\u00e7ois jamais !!.\" \/>\n<meta name=\"robots\" content=\"index, follow, max-snippet:-1, max-image-preview:large, max-video-preview:-1\" \/>\n<link rel=\"canonical\" href=\"https:\/\/mitentatutto.be\/nl\/boutique-en-ligne\/amarone-della-valpolicella-2014-075cl\/\" \/>\n<meta property=\"og:locale\" content=\"nl_NL\" \/>\n<meta property=\"og:type\" content=\"article\" \/>\n<meta property=\"og:title\" content=\"Amarone Della Valpolicella 2014 - 0,75cl | MiTentaTutto\" \/>\n<meta property=\"og:description\" content=\"Amarone della valpolicella 2010. D\u00e9couvrez ce vin d&#039;exception de la r\u00e9gion du Veneto en Italie. L&#039;Amarone est un classique italien qui ne d\u00e9\u00e7ois jamais !!.\" \/>\n<meta property=\"og:url\" content=\"https:\/\/mitentatutto.be\/nl\/boutique-en-ligne\/amarone-della-valpolicella-2014-075cl\/\" \/>\n<meta property=\"og:site_name\" content=\"MiTentaTutto\" \/>\n<meta property=\"article:publisher\" content=\"https:\/\/www.facebook.com\/MiTentaTuttoBE\/\" \/>\n<meta property=\"article:modified_time\" content=\"2020-04-08T04:50:23+00:00\" \/>\n<meta property=\"og:image\" content=\"https:\/\/mitentatutto.be\/wp-content\/uploads\/catalog\/product\/5.png\" \/>\n\t<meta property=\"og:image:width\" content=\"600\" \/>\n\t<meta property=\"og:image:height\" content=\"600\" \/>\n\t<meta property=\"og:image:type\" content=\"image\/png\" \/>\n<meta name=\"twitter:card\" content=\"summary_large_image\" \/>\n<script type=\"application\/ld+json\" class=\"yoast-schema-graph\">{\"@context\":\"https:\\\/\\\/schema.org\",\"@graph\":[{\"@type\":\"WebPage\",\"@id\":\"https:\\\/\\\/mitentatutto.be\\\/nl\\\/boutique-en-ligne\\\/amarone-della-valpolicella-2014-075cl\\\/\",\"url\":\"https:\\\/\\\/mitentatutto.be\\\/nl\\\/boutique-en-ligne\\\/amarone-della-valpolicella-2014-075cl\\\/\",\"name\":\"Amarone Della Valpolicella 2014 - 0,75cl | MiTentaTutto\",\"isPartOf\":{\"@id\":\"https:\\\/\\\/mitentatutto.be\\\/nl\\\/#website\"},\"primaryImageOfPage\":{\"@id\":\"https:\\\/\\\/mitentatutto.be\\\/nl\\\/boutique-en-ligne\\\/amarone-della-valpolicella-2014-075cl\\\/#primaryimage\"},\"image\":{\"@id\":\"https:\\\/\\\/mitentatutto.be\\\/nl\\\/boutique-en-ligne\\\/amarone-della-valpolicella-2014-075cl\\\/#primaryimage\"},\"thumbnailUrl\":\"https:\\\/\\\/mitentatutto.be\\\/wp-content\\\/uploads\\\/catalog\\\/product\\\/5.png\",\"datePublished\":\"2016-06-26T15:59:06+00:00\",\"dateModified\":\"2020-04-08T04:50:23+00:00\",\"description\":\"Amarone della valpolicella 2010. D\u00e9couvrez ce vin d'exception de la r\u00e9gion du Veneto en Italie. L'Amarone est un classique italien qui ne d\u00e9\u00e7ois jamais !!.\",\"breadcrumb\":{\"@id\":\"https:\\\/\\\/mitentatutto.be\\\/nl\\\/boutique-en-ligne\\\/amarone-della-valpolicella-2014-075cl\\\/#breadcrumb\"},\"inLanguage\":\"nl-NL\",\"potentialAction\":[{\"@type\":\"ReadAction\",\"target\":[\"https:\\\/\\\/mitentatutto.be\\\/nl\\\/boutique-en-ligne\\\/amarone-della-valpolicella-2014-075cl\\\/\"]}]},{\"@type\":\"ImageObject\",\"inLanguage\":\"nl-NL\",\"@id\":\"https:\\\/\\\/mitentatutto.be\\\/nl\\\/boutique-en-ligne\\\/amarone-della-valpolicella-2014-075cl\\\/#primaryimage\",\"url\":\"https:\\\/\\\/mitentatutto.be\\\/wp-content\\\/uploads\\\/catalog\\\/product\\\/5.png\",\"contentUrl\":\"https:\\\/\\\/mitentatutto.be\\\/wp-content\\\/uploads\\\/catalog\\\/product\\\/5.png\",\"width\":600,\"height\":600,\"caption\":\"Amarone della valpolicella 2010\"},{\"@type\":\"BreadcrumbList\",\"@id\":\"https:\\\/\\\/mitentatutto.be\\\/nl\\\/boutique-en-ligne\\\/amarone-della-valpolicella-2014-075cl\\\/#breadcrumb\",\"itemListElement\":[{\"@type\":\"ListItem\",\"position\":1,\"name\":\"Home\",\"item\":\"https:\\\/\\\/mitentatutto.be\\\/nl\\\/\"},{\"@type\":\"ListItem\",\"position\":2,\"name\":\"Webshop\",\"item\":\"https:\\\/\\\/mitentatutto.be\\\/nl\\\/webshop\\\/\"},{\"@type\":\"ListItem\",\"position\":3,\"name\":\"Amarone Della Valpolicella 2014 &#8211; 0,75cl\"}]},{\"@type\":\"WebSite\",\"@id\":\"https:\\\/\\\/mitentatutto.be\\\/nl\\\/#website\",\"url\":\"https:\\\/\\\/mitentatutto.be\\\/nl\\\/\",\"name\":\"MiTentaTutto\",\"description\":\"La qualita al prezzo giusto !\",\"publisher\":{\"@id\":\"https:\\\/\\\/mitentatutto.be\\\/nl\\\/#organization\"},\"potentialAction\":[{\"@type\":\"SearchAction\",\"target\":{\"@type\":\"EntryPoint\",\"urlTemplate\":\"https:\\\/\\\/mitentatutto.be\\\/nl\\\/?s={search_term_string}\"},\"query-input\":{\"@type\":\"PropertyValueSpecification\",\"valueRequired\":true,\"valueName\":\"search_term_string\"}}],\"inLanguage\":\"nl-NL\"},{\"@type\":\"Organization\",\"@id\":\"https:\\\/\\\/mitentatutto.be\\\/nl\\\/#organization\",\"name\":\"Mitentatutto\",\"url\":\"https:\\\/\\\/mitentatutto.be\\\/nl\\\/\",\"logo\":{\"@type\":\"ImageObject\",\"inLanguage\":\"nl-NL\",\"@id\":\"https:\\\/\\\/mitentatutto.be\\\/nl\\\/#\\\/schema\\\/logo\\\/image\\\/\",\"url\":\"https:\\\/\\\/mitentatutto.be\\\/wp-content\\\/uploads\\\/2019\\\/02\\\/logo-mitentatutto.png\",\"contentUrl\":\"https:\\\/\\\/mitentatutto.be\\\/wp-content\\\/uploads\\\/2019\\\/02\\\/logo-mitentatutto.png\",\"width\":200,\"height\":132,\"caption\":\"Mitentatutto\"},\"image\":{\"@id\":\"https:\\\/\\\/mitentatutto.be\\\/nl\\\/#\\\/schema\\\/logo\\\/image\\\/\"},\"sameAs\":[\"https:\\\/\\\/www.facebook.com\\\/MiTentaTuttoBE\\\/\"]}]}<\/script>\n<!-- \/ Yoast SEO plugin. -->","yoast_head_json":{"title":"Amarone Della Valpolicella 2014 - 0,75cl | MiTentaTutto","description":"Amarone della valpolicella 2010. D\u00e9couvrez ce vin d'exception de la r\u00e9gion du Veneto en Italie. L'Amarone est un classique italien qui ne d\u00e9\u00e7ois jamais !!.","robots":{"index":"index","follow":"follow","max-snippet":"max-snippet:-1","max-image-preview":"max-image-preview:large","max-video-preview":"max-video-preview:-1"},"canonical":"https:\/\/mitentatutto.be\/nl\/boutique-en-ligne\/amarone-della-valpolicella-2014-075cl\/","og_locale":"nl_NL","og_type":"article","og_title":"Amarone Della Valpolicella 2014 - 0,75cl | MiTentaTutto","og_description":"Amarone della valpolicella 2010. D\u00e9couvrez ce vin d'exception de la r\u00e9gion du Veneto en Italie. L'Amarone est un classique italien qui ne d\u00e9\u00e7ois jamais !!.","og_url":"https:\/\/mitentatutto.be\/nl\/boutique-en-ligne\/amarone-della-valpolicella-2014-075cl\/","og_site_name":"MiTentaTutto","article_publisher":"https:\/\/www.facebook.com\/MiTentaTuttoBE\/","article_modified_time":"2020-04-08T04:50:23+00:00","og_image":[{"width":600,"height":600,"url":"https:\/\/mitentatutto.be\/wp-content\/uploads\/catalog\/product\/5.png","type":"image\/png"}],"twitter_card":"summary_large_image","schema":{"@context":"https:\/\/schema.org","@graph":[{"@type":"WebPage","@id":"https:\/\/mitentatutto.be\/nl\/boutique-en-ligne\/amarone-della-valpolicella-2014-075cl\/","url":"https:\/\/mitentatutto.be\/nl\/boutique-en-ligne\/amarone-della-valpolicella-2014-075cl\/","name":"Amarone Della Valpolicella 2014 - 0,75cl | MiTentaTutto","isPartOf":{"@id":"https:\/\/mitentatutto.be\/nl\/#website"},"primaryImageOfPage":{"@id":"https:\/\/mitentatutto.be\/nl\/boutique-en-ligne\/amarone-della-valpolicella-2014-075cl\/#primaryimage"},"image":{"@id":"https:\/\/mitentatutto.be\/nl\/boutique-en-ligne\/amarone-della-valpolicella-2014-075cl\/#primaryimage"},"thumbnailUrl":"https:\/\/mitentatutto.be\/wp-content\/uploads\/catalog\/product\/5.png","datePublished":"2016-06-26T15:59:06+00:00","dateModified":"2020-04-08T04:50:23+00:00","description":"Amarone della valpolicella 2010. D\u00e9couvrez ce vin d'exception de la r\u00e9gion du Veneto en Italie. L'Amarone est un classique italien qui ne d\u00e9\u00e7ois jamais !!.","breadcrumb":{"@id":"https:\/\/mitentatutto.be\/nl\/boutique-en-ligne\/amarone-della-valpolicella-2014-075cl\/#breadcrumb"},"inLanguage":"nl-NL","potentialAction":[{"@type":"ReadAction","target":["https:\/\/mitentatutto.be\/nl\/boutique-en-ligne\/amarone-della-valpolicella-2014-075cl\/"]}]},{"@type":"ImageObject","inLanguage":"nl-NL","@id":"https:\/\/mitentatutto.be\/nl\/boutique-en-ligne\/amarone-della-valpolicella-2014-075cl\/#primaryimage","url":"https:\/\/mitentatutto.be\/wp-content\/uploads\/catalog\/product\/5.png","contentUrl":"https:\/\/mitentatutto.be\/wp-content\/uploads\/catalog\/product\/5.png","width":600,"height":600,"caption":"Amarone della valpolicella 2010"},{"@type":"BreadcrumbList","@id":"https:\/\/mitentatutto.be\/nl\/boutique-en-ligne\/amarone-della-valpolicella-2014-075cl\/#breadcrumb","itemListElement":[{"@type":"ListItem","position":1,"name":"Home","item":"https:\/\/mitentatutto.be\/nl\/"},{"@type":"ListItem","position":2,"name":"Webshop","item":"https:\/\/mitentatutto.be\/nl\/webshop\/"},{"@type":"ListItem","position":3,"name":"Amarone Della Valpolicella 2014 &#8211; 0,75cl"}]},{"@type":"WebSite","@id":"https:\/\/mitentatutto.be\/nl\/#website","url":"https:\/\/mitentatutto.be\/nl\/","name":"MiTentaTutto","description":"La qualita al prezzo giusto !","publisher":{"@id":"https:\/\/mitentatutto.be\/nl\/#organization"},"potentialAction":[{"@type":"SearchAction","target":{"@type":"EntryPoint","urlTemplate":"https:\/\/mitentatutto.be\/nl\/?s={search_term_string}"},"query-input":{"@type":"PropertyValueSpecification","valueRequired":true,"valueName":"search_term_string"}}],"inLanguage":"nl-NL"},{"@type":"Organization","@id":"https:\/\/mitentatutto.be\/nl\/#organization","name":"Mitentatutto","url":"https:\/\/mitentatutto.be\/nl\/","logo":{"@type":"ImageObject","inLanguage":"nl-NL","@id":"https:\/\/mitentatutto.be\/nl\/#\/schema\/logo\/image\/","url":"https:\/\/mitentatutto.be\/wp-content\/uploads\/2019\/02\/logo-mitentatutto.png","contentUrl":"https:\/\/mitentatutto.be\/wp-content\/uploads\/2019\/02\/logo-mitentatutto.png","width":200,"height":132,"caption":"Mitentatutto"},"image":{"@id":"https:\/\/mitentatutto.be\/nl\/#\/schema\/logo\/image\/"},"sameAs":["https:\/\/www.facebook.com\/MiTentaTuttoBE\/"]}]}},"_links":{"self":[{"href":"https:\/\/mitentatutto.be\/nl\/wp-json\/wp\/v2\/product\/8141","targetHints":{"allow":["GET"]}}],"collection":[{"href":"https:\/\/mitentatutto.be\/nl\/wp-json\/wp\/v2\/product"}],"about":[{"href":"https:\/\/mitentatutto.be\/nl\/wp-json\/wp\/v2\/types\/product"}],"replies":[{"embeddable":true,"href":"https:\/\/mitentatutto.be\/nl\/wp-json\/wp\/v2\/comments?post=8141"}],"wp:featuredmedia":[{"embeddable":true,"href":"https:\/\/mitentatutto.be\/nl\/wp-json\/wp\/v2\/media\/8140"}],"wp:attachment":[{"href":"https:\/\/mitentatutto.be\/nl\/wp-json\/wp\/v2\/media?parent=8141"}],"wp:term":[{"taxonomy":"product_brand","embeddable":true,"href":"https:\/\/mitentatutto.be\/nl\/wp-json\/wp\/v2\/product_brand?post=8141"},{"taxonomy":"product_cat","embeddable":true,"href":"https:\/\/mitentatutto.be\/nl\/wp-json\/wp\/v2\/product_cat?post=8141"},{"taxonomy":"product_tag","embeddable":true,"href":"https:\/\/mitentatutto.be\/nl\/wp-json\/wp\/v2\/product_tag?post=8141"}],"curies":[{"name":"wp","href":"https:\/\/api.w.org\/{rel}","templated":true}]}}